{"id":4101,"date":"2021-05-07T04:31:25","date_gmt":"2021-05-07T09:31:25","guid":{"rendered":"http:\/\/www.eduvirtual.info\/campus\/?page_id=4101"},"modified":"2021-05-24T20:46:28","modified_gmt":"2021-05-25T01:46:28","slug":"programa-internacional-de-formacion-integral-de-docentes-virtuales-mediosdigitales-y-recursos-tic","status":"publish","type":"page","link":"https:\/\/www.eduvirtual.info\/campus\/programa-internacional-de-formacion-integral-de-docentes-virtuales-mediosdigitales-y-recursos-tic\/","title":{"rendered":"Programa Internacional de Formaci\u00f3n Integral de Docentes Virtuales, MediosDigitales y Recursos TIC"},"content":{"rendered":"\t\t<div data-elementor-type=\"wp-page\" data-elementor-id=\"4101\" class=\"elementor elementor-4101\" data-elementor-post-type=\"page\">\n\t\t\t\t\t\t<section class=\"has-el-gap el-gap-default elementor-section elementor-top-section elementor-element elementor-element-3078635a elementor-section-boxed elementor-section-height-default elementor-section-height-default\" data-id=\"3078635a\" data-element_type=\"section\" data-e-type=\"section\" data-settings=\"{&quot;ekit_has_onepagescroll_dot&quot;:&quot;yes&quot;}\">\n\t\t\t\t\t\t<div class=\"elementor-container elementor-column-gap-no\">\n\t\t\t\t\t<div class=\"elementor-column elementor-col-100 elementor-top-column elementor-element elementor-element-7a55d354\" data-id=\"7a55d354\" data-element_type=\"column\" data-e-type=\"column\">\n\t\t\t<div class=\"elementor-widget-wrap elementor-element-populated\">\n\t\t\t\t\t\t<div class=\"elementor-element elementor-element-7482c2c6 elementor-widget elementor-widget-text-editor\" data-id=\"7482c2c6\" data-element_type=\"widget\" data-e-type=\"widget\" data-settings=\"{&quot;ekit_we_effect_on&quot;:&quot;none&quot;}\" data-widget_type=\"text-editor.default\">\n\t\t\t\t<div class=\"elementor-widget-container\">\n\t\t\t\t\t\t\t\t\t<p><span style=\"text-decoration: underline;\"><strong>OBJETIVOS DEL PROGRAMA<\/strong><\/span><\/p><p>Nuestro programa de formaci\u00f3n integral de \u201cDocentes Virtuales\u201d tiene el objetivo de brindar el adiestramiento en herramientas TIC, que todo docente en la actualidad debe de usar como apoyo para su labor docente, en todo nivel educativo en donde desempe\u00f1e su labor:<\/p><ul><li>Desarrollar y administrar un curso en una aula virtual. (Moodle)<\/li><li>Adiestrarse en el uso de herramientas b\u00e1sicas en las nuevas TIC aplicables en el aula. (Audio, Videos y Medios Web 2.0)<\/li><li>Brindar la libertad y capacidad de desenvolverse en cualquier \u00e1mbito de la educaci\u00f3n on-linea.<\/li><li>Formar parte de la comunidad de docentes virtuales del grupo REDEM.<\/li><\/ul><p><span lang=\"ES\">El Programa Internacional de Formaci\u00f3n Integral de Docentes Virtuales: Diplomatura en Medios Digitales y Recursos TIC, consta de 3 cursos (En los enlaces cada curso se detalla los temarios):<\/span><\/p><ul><li><strong><a href=\"https:\/\/www.eduvirtual.info\/campus\/aulas-virtuales-tutoria-y-administracion-para-educadores\">Curso de Tutor\u00eda y Administraci\u00f3n de Aulas Virtuales, basado en Moodle.<\/a><\/strong><\/li><li><strong><a href=\"https:\/\/www.eduvirtual.info\/campus\/medios-digitales-en-el-aula-television-radio-y-periodicos-en-linea\">Curso de Medios Digitales en el Aula: Televisi\u00f3n, Radio y Per\u00edodicos en l\u00ednea.<\/a><\/strong><\/li><li><strong><a href=\"https:\/\/www.eduvirtual.info\/campus\/mapas-conceptuales-con-cmap-tools\">Curso de Aprendizaje Visual \u2013 Mapas Conceptuales con Cmap Tools.<\/a><\/strong><\/li><\/ul><blockquote><h3><strong>El presente programa le brinda 1 a\u00f1o de acceso ilimitado a los 3 cursos ofrecidos.<br \/><\/strong><\/h3><\/blockquote>\t\t\t\t\t\t\t\t<\/div>\n\t\t\t\t<\/div>\n\t\t\t\t<div class=\"elementor-element elementor-element-3009abf9 elementor-widget elementor-widget-text-editor\" data-id=\"3009abf9\" data-element_type=\"widget\" data-e-type=\"widget\" data-settings=\"{&quot;ekit_we_effect_on&quot;:&quot;none&quot;}\" data-widget_type=\"text-editor.default\">\n\t\t\t\t<div class=\"elementor-widget-container\">\n\t\t\t\t\t\t\t\t\t<p><strong><span style=\"text-decoration: underline;\">CERTIFICACI\u00d3N:<\/span>\u00a0\u00a0 <\/strong><strong>DIPLOMADO DE ESPECIALIZACI\u00d3N EN MEDIOS Y RECURSOS TIC<\/strong><\/p><p><strong>CERTIFICADO Y AVALADO POR: <\/strong><strong>REDEM <\/strong>(Red Educativa Mundial), <strong>CECIP <\/strong>(Centro de Capacitaci\u00f3n e Investigaci\u00f3n Pedag\u00f3gica)<strong> REED <\/strong>(Red de Estudios por la Educaci\u00f3n) y<strong> WEC <\/strong>(World Educational Council)<strong><br \/><\/strong><\/p><p><span style=\"text-decoration: underline;\"><strong>COSTO TOTAL\u00a0 DEL PROGRAMA:<\/strong><\/span><\/p><ul><li>Costo real $320.00 d\u00f3lares, para NO sucriptores de REDEM<\/li><li><strong>Costo para suscriptores REDEM $ 150.00 d\u00f3lares americanos <\/strong>(costo por el diplomado completo que consta de 3 cursos)<\/li><\/ul><p><strong>Si no es suscriptor REDEM y desea acceder al beneficio, suscribase GRATUITAMENTE AQU\u00cd: <a title=\"Bolet\u00edn REDEM\" href=\"http:\/\/www.redem.org\/suscripcion-al-boletin-redem\" target=\"_blank\" rel=\"noopener\">Bolet\u00edn REDEM<\/a><\/strong><\/p><p><span style=\"text-decoration: underline;\"><strong>INICIO\u00a0 DEL PROGRAMA<\/strong><\/span><\/p><ul><li>[contact-form-7 id=\u00bb4104&#8243; title=\u00bbfecha cursos propios\u00bb]<\/li><\/ul><p style=\"text-align: center;\">Inscribase en el siguiente formulario para indicarle los medios de pago en su pa\u00eds.<\/p><p style=\"text-align: center;\"><strong>Solicito Inscribirme al Programa de formaci\u00f3n integral de \u201cDocentes Virtuales\u201d: Medios Digitales y Recursos TIC<\/strong><\/p><p style=\"text-align: center;\"><a href=\"https:\/\/www.comunicaciones.eduvirtual.info\/docentes-virtuales-mediosdigitales-y-recursos-tic\" class=\"sc-button sc-button-medium\" style=\"background: #1e73be;color: #ffffff\"><span>Solicitar Inscripci\u00f3n<\/span><\/a><\/p><p style=\"text-align: center;\">\u00a0<\/p>\t\t\t\t\t\t\t\t<\/div>\n\t\t\t\t<\/div>\n\t\t\t\t\t<\/div>\n\t\t<\/div>\n\t\t\t\t\t<\/div>\n\t\t<\/section>\n\t\t\t\t<\/div>\n\t\t","protected":false},"excerpt":{"rendered":"<p>OBJETIVOS DEL PROGRAMA Nuestro programa de formaci\u00f3n integral de \u201cDocentes Virtuales\u201d tiene el objetivo de brindar el adiestramiento en herramientas TIC, que todo docente en la actualidad debe de usar como apoyo para su labor docente, en todo nivel educativo en donde desempe\u00f1e su labor: Desarrollar y administrar un curso en una aula virtual. (Moodle)<\/p>\n","protected":false},"author":1,"featured_media":4601,"parent":0,"menu_order":0,"comment_status":"closed","ping_status":"closed","template":"page-templates\/blocks.php","meta":{"_acf_changed":false,"footnotes":""},"class_list":["post-4101","page","type-page","status-publish","has-post-thumbnail"],"acf":[],"_links":{"self":[{"href":"https:\/\/www.eduvirtual.info\/campus\/wp-json\/wp\/v2\/pages\/4101","targetHints":{"allow":["GET"]}}],"collection":[{"href":"https:\/\/www.eduvirtual.info\/campus\/wp-json\/wp\/v2\/pages"}],"about":[{"href":"https:\/\/www.eduvirtual.info\/campus\/wp-json\/wp\/v2\/types\/page"}],"author":[{"embeddable":true,"href":"https:\/\/www.eduvirtual.info\/campus\/wp-json\/wp\/v2\/users\/1"}],"replies":[{"embeddable":true,"href":"https:\/\/www.eduvirtual.info\/campus\/wp-json\/wp\/v2\/comments?post=4101"}],"version-history":[{"count":5,"href":"https:\/\/www.eduvirtual.info\/campus\/wp-json\/wp\/v2\/pages\/4101\/revisions"}],"predecessor-version":[{"id":4908,"href":"https:\/\/www.eduvirtual.info\/campus\/wp-json\/wp\/v2\/pages\/4101\/revisions\/4908"}],"wp:featuredmedia":[{"embeddable":true,"href":"https:\/\/www.eduvirtual.info\/campus\/wp-json\/wp\/v2\/media\/4601"}],"wp:attachment":[{"href":"https:\/\/www.eduvirtual.info\/campus\/wp-json\/wp\/v2\/media?parent=4101"}],"curies":[{"name":"wp","href":"https:\/\/api.w.org\/{rel}","templated":true}]}}