{"id":4133,"date":"2016-02-08T03:33:49","date_gmt":"2016-02-08T03:33:49","guid":{"rendered":"http:\/\/www.eduvirtual.info\/campus\/?page_id=4133"},"modified":"2025-07-12T22:29:48","modified_gmt":"2025-07-13T03:29:48","slug":"quienes-somos","status":"publish","type":"page","link":"https:\/\/www.eduvirtual.info\/campus\/quienes-somos\/","title":{"rendered":"Quienes somos"},"content":{"rendered":"\t\t<div data-elementor-type=\"wp-page\" data-elementor-id=\"4133\" class=\"elementor elementor-4133\" data-elementor-post-type=\"page\">\n\t\t\t\t\t\t<section class=\"elementor-section elementor-top-section elementor-element elementor-element-36895c0 elementor-section-boxed elementor-section-height-default elementor-section-height-default\" data-id=\"36895c0\" data-element_type=\"section\" data-e-type=\"section\" data-settings=\"{&quot;ekit_has_onepagescroll_dot&quot;:&quot;yes&quot;}\">\n\t\t\t\t\t\t<div class=\"elementor-container elementor-column-gap-default\">\n\t\t\t\t\t<div class=\"elementor-column elementor-col-100 elementor-top-column elementor-element elementor-element-556b97f5\" data-id=\"556b97f5\" data-element_type=\"column\" data-e-type=\"column\">\n\t\t\t<div class=\"elementor-widget-wrap elementor-element-populated\">\n\t\t\t\t\t\t<div class=\"elementor-element elementor-element-1c052067 elementor-widget__width-initial elementor-widget elementor-widget-text-editor\" data-id=\"1c052067\" data-element_type=\"widget\" data-e-type=\"widget\" data-settings=\"{&quot;ekit_we_effect_on&quot;:&quot;none&quot;}\" data-widget_type=\"text-editor.default\">\n\t\t\t\t<div class=\"elementor-widget-container\">\n\t\t\t\t\t\t\t\t\t<p style=\"text-align: justify;\"><span style=\"font-family: tahoma,arial,helvetica,sans-serif;\">EDUVIRTUAL es una <strong>Plataforma Educativa Internacional Colaborativa<\/strong> para la promoci\u00f3n de Cursos Online y propuestas E-learning.<\/span><\/p><p style=\"text-align: justify;\"><span style=\"font-family: tahoma,arial,helvetica,sans-serif;\">Nuestra plataforma est\u00e1 desarrollada por el <a href=\"http:\/\/www.redem.org\" target=\"_blank\" rel=\"noopener\"><strong>grupo REDEM<\/strong><\/a> para cubrir la creciente necesidad de <strong>capacitaci\u00f3n y formaci\u00f3n de calidad<\/strong> para profesionales en las diversas \u00e1reas del saber.<\/span><\/p><p>EDUVIRTUAL brinda la oportunidad a los miembros del Grupo REDEM y a la Comunidad Educativa Internacional, la posibilidad de compartir sus conocimientos y experiencia, publicando cursos y programas de capacitaci\u00f3n en nuestras redes de portales del grupo REDEM.<\/p><p style=\"text-align: justify;\"><span style=\"font-family: tahoma,arial,helvetica,sans-serif;\">Todos nuestros cursos est\u00e1n implementados en nuestras exclusivas plataformas de e-learning. La revisi\u00f3n acad\u00e9mica y la aprobaci\u00f3n para su publicaci\u00f3n en la plataforma EDUVIRTUAL est\u00e1 a cargo de <a title=\"REDEM\" href=\"http:\/\/https\/\/www.redem.org\" target=\"_blank\" rel=\"noopener\"><strong>REDEM<\/strong><\/a> &#8211; <a title=\"CIIED\" href=\"https:\/\/ciied.redem.org\" target=\"_blank\" rel=\"noopener\"><strong>CIIED<\/strong><\/a> &#8211; <a title=\"REED\" href=\"https:\/\/www.reed-edu.org\" target=\"_blank\" rel=\"noopener\"><strong>REED<\/strong><\/a><\/span><\/p><p style=\"text-align: justify;\"><span style=\"font-family: tahoma,arial,helvetica,sans-serif;\">EDUVIRTUAL es una plataforma de educaci\u00f3n internacional para profesionales de la educaci\u00f3n y relacionados, con m\u00e1s de<b> 15 a\u00f1os de actividad, en 65 pa\u00edses, en los 5 continentes y con miles de alumnos registrados<\/b> a nuestros programas de formaci\u00f3n on-line.<\/span><\/p><p style=\"text-align: justify;\"><span style=\"font-family: tahoma,arial,helvetica,sans-serif;\">Nuestros cursos tienen el aval y la acreditaci\u00f3n de <a title=\"REDEM\" href=\"http:\/\/https\/\/www.redem.org\" target=\"_blank\" rel=\"noopener\"><strong>REDEM<\/strong><\/a> &#8211; <a title=\"CIIED\" href=\"https:\/\/ciied.redem.org\" target=\"_blank\" rel=\"noopener\"><strong>CIIED<\/strong><\/a> &#8211; <a title=\"REED\" href=\"https:\/\/www.reed-edu.org\" target=\"_blank\" rel=\"noopener\"><strong>REED<\/strong><\/a><\/span><\/p>\t\t\t\t\t\t\t\t<\/div>\n\t\t\t\t<\/div>\n\t\t\t\t\t<\/div>\n\t\t<\/div>\n\t\t\t\t\t<\/div>\n\t\t<\/section>\n\t\t\t\t<\/div>\n\t\t","protected":false},"excerpt":{"rendered":"<p>EDUVIRTUAL es una Plataforma Educativa Internacional Colaborativa para la promoci\u00f3n de Cursos Online y propuestas E-learning. Nuestra plataforma est\u00e1 desarrollada por el grupo REDEM para cubrir la creciente necesidad de capacitaci\u00f3n y formaci\u00f3n de calidad para profesionales en las diversas \u00e1reas del saber. EDUVIRTUAL brinda la oportunidad a los miembros del Grupo REDEM y a<\/p>\n","protected":false},"author":1,"featured_media":0,"parent":0,"menu_order":0,"comment_status":"closed","ping_status":"closed","template":"page-templates\/blocks.php","meta":{"_acf_changed":false,"footnotes":""},"class_list":["post-4133","page","type-page","status-publish"],"acf":[],"_links":{"self":[{"href":"https:\/\/www.eduvirtual.info\/campus\/wp-json\/wp\/v2\/pages\/4133","targetHints":{"allow":["GET"]}}],"collection":[{"href":"https:\/\/www.eduvirtual.info\/campus\/wp-json\/wp\/v2\/pages"}],"about":[{"href":"https:\/\/www.eduvirtual.info\/campus\/wp-json\/wp\/v2\/types\/page"}],"author":[{"embeddable":true,"href":"https:\/\/www.eduvirtual.info\/campus\/wp-json\/wp\/v2\/users\/1"}],"replies":[{"embeddable":true,"href":"https:\/\/www.eduvirtual.info\/campus\/wp-json\/wp\/v2\/comments?post=4133"}],"version-history":[{"count":10,"href":"https:\/\/www.eduvirtual.info\/campus\/wp-json\/wp\/v2\/pages\/4133\/revisions"}],"predecessor-version":[{"id":8935,"href":"https:\/\/www.eduvirtual.info\/campus\/wp-json\/wp\/v2\/pages\/4133\/revisions\/8935"}],"wp:attachment":[{"href":"https:\/\/www.eduvirtual.info\/campus\/wp-json\/wp\/v2\/media?parent=4133"}],"curies":[{"name":"wp","href":"https:\/\/api.w.org\/{rel}","templated":true}]}}